{"id":51,"date":"2017-07-13T18:22:00","date_gmt":"2017-07-13T16:22:00","guid":{"rendered":"http:\/\/winfried-huebner.de\/wordpress\/?page_id=51"},"modified":"2023-06-06T11:08:38","modified_gmt":"2023-06-06T09:08:38","slug":"impressum","status":"publish","type":"page","link":"http:\/\/winfried-huebner.de\/wordpress\/impressum\/","title":{"rendered":"Impressum"},"content":{"rendered":"<p><strong>Name, Autor:<\/strong><br \/>\nWinfried H\u00fcbner<br \/>\nSchauspieler<\/p>\n<p><strong>Adresse:<\/strong><br \/>\nStrau\u00dfbergstra\u00dfe 8<br \/>\n87629 F\u00fcssen<\/p>\n<p><strong>Telefon:<\/strong><br \/>\n(08362) 88 39 974 \/ 88 37 892<\/p>\n<p><strong>Telefax:<\/strong><br \/>\n(08362) 88 37 891<\/p>\n<p><strong>Mobil:<\/strong><br \/>\n0173\/36 94 114<\/p>\n<p><strong>Email:<\/strong><br \/>\n<a href=\"mailto:wacki@winfried-huebner.de\">wacki@winfried-huebner.de<\/a><\/p>\n<p><strong>Personalausweis-Nr.:<\/strong><br \/>\nLF08HTK30<\/p>\n<p><strong>Webdesign:<\/strong><br \/>\n<a href=\"http:\/\/www.petersen-schmidt.de\"> www.petersen-schmidt.de<\/a><\/p>\n<p><strong>Fotografie:<\/strong><br \/>\nIngrid Theiss, Axel Petersen-Schmidt<\/p>\n<p><strong>Rechtliche Hinweise:<\/strong><br \/>\n1. Inhalt des Onlineangebotes<br \/>\nDer Autor \u00fcbernimmt keinerlei Gew\u00e4hr f\u00fcr die Aktualit\u00e4t, Korrektheit,Vollst\u00e4ndigkeit oder Qualit\u00e4t der bereitgestellten Informationen. Haftungsanspr\u00fcche gegen den Autor, welche sich auf Sch\u00e4den materieller oder ideeller Art beziehen, die durch die Nutzung oder Nichtnutzung der dargebotenen Informationen bzw. durch die Nutzung fehlerhafter und unvollst\u00e4ndiger Informationen verursacht wurden sind grunds\u00e4tzlich ausgeschlossen, sofern seitens des Autors kein nachweislich vors\u00e4tzliches oder grob fahrl\u00e4ssiges Verschulden vorliegt.<\/p>\n<p>2. Verweise und Links<br \/>\nBei direkten oder indirekten Verweisen auf fremde Internetseiten (\u00bbLinks\u00ab), die au\u00dferhalb des Verantwortungsbereiches des Autors liegen, w\u00fcrde eine Haftungsverpflichtung ausschlie\u00dflich in dem Fall in Kraft treten, in dem der Autor von den Inhalten Kenntnis hat und es ihm technisch m\u00f6glich und zumutbar w\u00e4re, die Nutzung im Falle rechtswidriger Inhalte zu verhindern. Der Autor erkl\u00e4rt daher ausdr\u00fccklich, dass zum Zeitpunkt der Linksetzung die entsprechenden verlinkten Seiten frei von illegalen Inhalten waren. Der Autor hat keinerlei Einfluss auf die aktuelle und zuk\u00fcnftige Gestaltung und auf die Inhalte der gelinkten \/ verkn\u00fcpften Seiten. Deshalb distanziert er sich hiermit ausdr\u00fccklich von allen Inhalten aller gelinkten \/ verkn\u00fcpften Seiten, die nach der Linksetzung ver\u00e4ndert wurden. Diese Feststellung gilt f\u00fcr alle innerhalb des eigenen Internetangebotes gesetzten Links und Verweise. F\u00fcr illegale, fehlerhafte oder unvollst\u00e4ndige Inhalte und insbesondere f\u00fcr Sch\u00e4den, die aus der Nutzung oder Nichtnutzung solcherart dargebotener Informationen entstehen, haftet allein der Anbieter der Seite, auf welche verwiesen wurde, nicht derjenige, der \u00fcber Links auf die jeweilige Ver\u00f6ffentlichung lediglich verweist.<\/p>\n<h4>Datenschutzerkl\u00e4rung<\/h4>\n<p>Der Schutz Ihrer pers\u00f6nlichen Daten ist uns ein besonderes Anliegen. Wir verarbeiten Ihre Daten daher ausschlie\u00dflich auf Grundlage der gesetzlichen Bestimmungen (DSGVO, BDSG). In diesen Datenschutzinformationen informieren wir Sie \u00fcber die wichtigsten Aspekte der Datenverarbeitung im Rahmen unserer Website.<\/p>\n<h4>1. Name und Kontaktdaten des Verantwortlichen<\/h4>\n<p>Diese Datenschutzerkl\u00e4rung informiert \u00fcber die Verarbeitung personenbezogener Daten auf der Webseite von:<\/p>\n<p><strong>Verantwortlicher:<\/strong><br \/>\nWinfried H\u00fcbner<br \/>\nStrau\u00dfbergstra\u00dfe 8<br \/>\n87629 F\u00fcssen<br \/>\nTel.: (08362) 88 39 974 \/ 88 37 892<br \/>\nFax: (08362) 88 37 891<br \/>\nMobil: 0173\/36 94 261<br \/>\nE-Mail: <a href=\"mailto:wacki@winfried-huebner.de\">wacki@winfried-huebner.de<\/a><\/p>\n<h4>2. Umfang und Zweck der Verarbeitung personenbezogener Daten<\/h4>\n<p>Beim Aufruf dieser Webseite winfried-huebner.de werden durch den Internet-Browser, den der Besucher verwendet, automatisch Daten an den Server dieser Webseite gesendet und zeitlich begrenzt in einer Protokolldatei (Logfile) gespeichert. Bis zur automatischen L\u00f6schung werden nachstehende Daten ohne weitere Eingabe des Besuchers gespeichert:<br \/>\n\u2013 IP-Adresse des Endger\u00e4ts des Besuchers,<br \/>\n\u2013 Datum und Uhrzeit des Zugriffs durch den Besucher,<br \/>\n\u2013 Name und URL der vom Besucher aufgerufenen Seite,<br \/>\n\u2013 Webseite, von der aus der Besucher auf die Webseite gelangt (sog. Referrer-URL),<br \/>\n\u2013 Browser und ggf. Betriebssystem des Endger\u00e4ts des Besuchers sowie der Name des vom Besucher verwendeten Access-Providers.<\/p>\n<p>Die Verarbeitung dieser personenbezogenen Daten ist gem. Art. 6 Abs. 1 Satz 1 Buchst. f) DSGVO gerechtfertigt. Wir haben ein berechtigtes Interesse an der Datenverarbeitung zu dem Zweck,<br \/>\n\u2013 die Verbindung zu dieser Webseite z\u00fcgig aufzubauen,<br \/>\n\u2013 eine nutzerfreundliche Anwendung der Webseite zu erm\u00f6glichen,<br \/>\n\u2013 die Sicherheit und Stabilit\u00e4t der Systeme zu erkennen und zu gew\u00e4hrleisten und<br \/>\n\u2013 die Administration der Webseite zu erleichtern und zu verbessern. Die Verarbeitung erfolgt ausdr\u00fccklich nicht zu dem Zweck, Erkenntnisse \u00fcber die Person des Besuchers der Webseite zu gewinnen.<br \/>\nBeim Besuch unserer Website setzen wir keine Cookies sowie Analysedienste ein.<br \/>\nWir stellen ebenfalls keinen Newsletter und keine Kontaktformular zur Verf\u00fcgung.<\/p>\n<h4>3. Weitergabe von Daten<\/h4>\n<p>Personenbezogene Daten werden an Dritte \u00fcbermittelt, wenn<br \/>\n\u2013 nach Art. 6 Abs. 1 Satz 1 Buchst. a) DSGVO durch die betroffene Person ausdr\u00fccklich dazu eingewilligt wurde,<br \/>\n\u2013 die Weitergabe nach Art. 6 Abs. 1 Satz 1 Buchst. f) DSGVO zur Geltendmachung, Aus\u00fcbung oder Verteidigung von Rechtsanspr\u00fcchen erforderlich ist und kein Grund zur Annahme besteht, dass die betroffene Person ein \u00fcberwiegendes schutzw\u00fcrdiges Interesse an der Nichtweitergabe ihrer Daten hat,<br \/>\n\u2013 f\u00fcr die Daten\u00fcbermittlung nach Art. 6 Abs. 1 Satz 1 Buchst. c) DSGVO eine gesetzliche Verpflichtung besteht, und\/oder<br \/>\n\u2013 dies nach Art. 6 Abs. 1 Satz 1 Buchst. b) DSGVO f\u00fcr die Erf\u00fcllung eines Vertragsverh\u00e4ltnisses mit der betroffenen Person erforderlich ist.<br \/>\nIn anderen F\u00e4llen werden personenbezogene Daten nicht an Dritte weitergegeben.<\/p>\n<h4>4. Links zu anderen Anbietern<\/h4>\n<p>Unsere Webseite enth\u00e4lt auch Links zu Webseiten anderer Anbieter, auf die sich unsere Datenschutzerkl\u00e4rung nicht erstreckt. Wir haben in der Regel keinen Einfluss auf den Inhalt und die Einhaltung der Datenschutzbestimmungen durch diese Anbieter und bitten Sie daher, sich beim Besuch dieser Internetseiten \u00fcber die dort geltenden Richtlinien zu informieren.<\/p>\n<h4>5. Ihre Rechte als betroffene Person<\/h4>\n<p>Soweit Ihre personenbezogenen Daten anl\u00e4sslich des Besuchs unserer Webseite verarbeitet werden, stehen Ihnen als \u201ebetroffene Person\u201c im Sinne der DSGVO folgende Rechte zu:<br \/>\nSie haben das Recht:<br \/>\n\u2013 gem\u00e4\u00df Art. 15 DSGVO Auskunft \u00fcber Ihre von uns verarbeiteten personenbezogenen Daten zu verlangen. Insbesondere k\u00f6nnen Sie Auskunft \u00fcber die Verarbeitungszwecke, die Kategorie der personenbezogenen Daten, die Kategorien von Empf\u00e4ngern, gegen\u00fcber denen Ihre Daten offengelegt wurden oder werden, die geplante Speicherdauer, das Bestehen eines Rechts auf Berichtigung, L\u00f6schung, Einschr\u00e4nkung der Verarbeitung oder Widerspruch, das Bestehen eines Beschwerderechts, die Herkunft ihrer Daten, sofern diese nicht bei uns erhoben wurden, sowie \u00fcber das Bestehen einer automatisierten Entscheidungsfindung einschlie\u00dflich Profiling und ggf. aussagekr\u00e4ftigen Informationen zu deren Einzelheiten verlangen;<br \/>\n\u2013 gem\u00e4\u00df Art. 16 DSGVO unverz\u00fcglich die Berichtigung unrichtiger oder Vervollst\u00e4ndigung Ihrer bei uns gespeicherten personenbezogenen Daten zu verlangen;<br \/>\n\u2013 gem\u00e4\u00df Art. 17 DSGVO die L\u00f6schung Ihrer bei uns gespeicherten personenbezogenen Daten zu verlangen, soweit nicht die Verarbeitung zur Aus\u00fcbung des Rechts auf freie Meinungs\u00e4u\u00dferung und Information, zur Erf\u00fcllung einer rechtlichen Verpflichtung, aus Gr\u00fcnden des \u00f6ffentlichen Interesses oder zur Geltendmachung, Aus\u00fcbung oder Verteidigung von Rechtsanspr\u00fcchen erforderlich ist;<br \/>\n\u2013 gem\u00e4\u00df Art. 18 DSGVO die Einschr\u00e4nkung der Verarbeitung Ihrer personenbezogenen Daten zu verlangen, soweit die Richtigkeit der Daten von Ihnen bestritten wird, die Verarbeitung unrechtm\u00e4\u00dfig ist, Sie aber deren L\u00f6schung ablehnen und wir die Daten nicht mehr ben\u00f6tigen, Sie jedoch diese zur Geltendmachung, Aus\u00fcbung oder Verteidigung von Rechtsanspr\u00fcchen ben\u00f6tigen oder Sie gem\u00e4\u00df Art. 21 DSGVO Widerspruch gegen die Verarbeitung eingelegt haben;<br \/>\n\u2013 gem\u00e4\u00df Art. 20 DSGVO Ihre personenbezogenen Daten, die Sie uns bereitgestellt haben, in einem strukturierten, g\u00e4ngigen und maschinenlesebaren Format zu erhalten oder die \u00dcbermittlung an einen anderen Verantwortlichen zu verlangen;<br \/>\n\u2013 gem\u00e4\u00df Art. 7 Abs. 3 DSGVO Ihre einmal erteilte Einwilligung jederzeit gegen\u00fcber uns zu widerrufen. Dies hat zur Folge, dass wir die Datenverarbeitung, die auf dieser Einwilligung beruhte, f\u00fcr die Zukunft nicht mehr fortf\u00fchren d\u00fcrfen und<br \/>\n\u2013 gem\u00e4\u00df Art. 77 DSGVO sich bei einer Aufsichtsbeh\u00f6rde zu beschweren. In der Regel k\u00f6nnen Sie sich hierf\u00fcr an die Aufsichtsbeh\u00f6rde Ihres \u00fcblichen Aufenthaltsortes oder Arbeitsplatzes oder unseres Sitzes wenden.<\/p>\n<h4>6. Widerspruchsrecht<\/h4>\n<p>Sofern Ihre personenbezogenen Daten auf Grundlage von berechtigten Interessen gem\u00e4\u00df Art. 6 Abs. 1 S. 1 Buchst. f DSGVO verarbeitet werden, haben Sie das Recht, gem\u00e4\u00df Art. 21 DSGVO Widerspruch gegen die Verarbeitung Ihrer personenbezogenen Daten einzulegen, soweit daf\u00fcr Gr\u00fcnde vorliegen, die sich aus Ihrer besonderen Situation ergeben oder sich der Widerspruch gegen Direktwerbung richtet. Im letzteren Fall haben Sie ein generelles Widerspruchsrecht, das ohne Angabe einer besonderen Situation von uns umgesetzt wird. Sie haben die M\u00f6glichkeit, den Widerspruch telefonisch, per E-Mail, ggf. per Telefax oder an unsere zu Beginn dieser Datenschutzerkl\u00e4rung aufgef\u00fchrte Postadresse formlos mitzuteilen.<\/p>\n<h4>7. Stand und Aktualisierung dieser Datenschutzerkl\u00e4rung<\/h4>\n<p>Diese Datenschutzerkl\u00e4rung hat den Stand vom 24. Mai 2018. Wir behalten uns vor, die Datenschutzerkl\u00e4rung zu gegebener Zeit zu aktualisieren, um den Datenschutz zu verbessern und\/oder an ge\u00e4nderte Beh\u00f6rdenpraxis oder Rechtsprechung anzupassen.<\/p>\n<p>&nbsp;<\/p>\n<h4>2. Umfang und Zweck der Verarbeitung personenbezogener Daten<\/h4>\n<p>Beim Aufruf dieser Webseite petersen-schmidt.de werden durch den Internet-Browser, den der Besucher verwendet, automatisch Daten an den Server dieser Webseite gesendet und zeitlich begrenzt in einer Protokolldatei (Logfile) gespeichert. Bis zur automatischen L\u00f6schung werden nachstehende Daten ohne weitere Eingabe des Besuchers gespeichert:<br \/>\n\u2013 IP-Adresse des Endger\u00e4ts des Besuchers,<br \/>\n\u2013 Datum und Uhrzeit des Zugriffs durch den Besucher,<br \/>\n\u2013 Name und URL der vom Besucher aufgerufenen Seite,<br \/>\n\u2013 Webseite, von der aus der Besucher auf die Webseite gelangt (sog. Referrer-URL),<br \/>\n\u2013 Browser und ggf. Betriebssystem des Endger\u00e4ts des Besuchers sowie der Name des vom Besucher verwendeten Access-Providers.<\/p>\n<p>Die Verarbeitung dieser personenbezogenen Daten ist gem. Art. 6 Abs. 1 Satz 1 Buchst. f) DSGVO gerechtfertigt. Wir haben ein berechtigtes Interesse an der Datenverarbeitung zu dem Zweck,<br \/>\n\u2013 die Verbindung zu dieser Webseite z\u00fcgig aufzubauen,<br \/>\n\u2013 eine nutzerfreundliche Anwendung der Webseite zu erm\u00f6glichen,<br \/>\n\u2013 die Sicherheit und Stabilit\u00e4t der Systeme zu erkennen und zu gew\u00e4hrleisten und<br \/>\n\u2013 die Administration der Webseite zu erleichtern und zu verbessern. Die Verarbeitung erfolgt ausdr\u00fccklich nicht zu dem Zweck, Erkenntnisse \u00fcber die Person des Besuchers der Webseite zu gewinnen.<br \/>\nBeim Besuch unserer Website setzen wir keine Cookies sowie Analysedienste ein.<br \/>\nWir stellen ebenfalls keinen Newsletter und keine Kontaktformular zur Verf\u00fcgung.<\/p>\n<h4>3. Weitergabe von Daten<\/h4>\n<p>Personenbezogene Daten werden an Dritte \u00fcbermittelt, wenn<br \/>\n\u2013 nach Art. 6 Abs. 1 Satz 1 Buchst. a) DSGVO durch die betroffene Person ausdr\u00fccklich dazu eingewilligt wurde,<br \/>\n\u2013 die Weitergabe nach Art. 6 Abs. 1 Satz 1 Buchst. f) DSGVO zur Geltendmachung, Aus\u00fcbung oder Verteidigung von Rechtsanspr\u00fcchen erforderlich ist und kein Grund zur Annahme besteht, dass die betroffene Person ein \u00fcberwiegendes schutzw\u00fcrdiges Interesse an der Nichtweitergabe ihrer Daten hat,<br \/>\n\u2013 f\u00fcr die Daten\u00fcbermittlung nach Art. 6 Abs. 1 Satz 1 Buchst. c) DSGVO eine gesetzliche Verpflichtung besteht, und\/oder<br \/>\n\u2013 dies nach Art. 6 Abs. 1 Satz 1 Buchst. b) DSGVO f\u00fcr die Erf\u00fcllung eines Vertragsverh\u00e4ltnisses mit der betroffenen Person erforderlich ist.<br \/>\nIn anderen F\u00e4llen werden personenbezogene Daten nicht an Dritte weitergegeben.<\/p>\n<h4>4. Links zu anderen Anbietern<\/h4>\n<p>Unsere Webseite enth\u00e4lt auch Links zu Webseiten anderer Anbieter, auf die sich unsere Datenschutzerkl\u00e4rung nicht erstreckt. Wir haben in der Regel keinen Einfluss auf den Inhalt und die Einhaltung der Datenschutzbestimmungen durch diese Anbieter und bitten Sie daher, sich beim Besuch dieser Internetseiten \u00fcber die dort geltenden Richtlinien zu informieren.<\/p>\n<h4>5. Ihre Rechte als betroffene Person<\/h4>\n<p>Soweit Ihre personenbezogenen Daten anl\u00e4sslich des Besuchs unserer Webseite verarbeitet werden, stehen Ihnen als \u201ebetroffene Person\u201c im Sinne der DSGVO folgende Rechte zu:<br \/>\nSie haben das Recht:<br \/>\n\u2013 gem\u00e4\u00df Art. 15 DSGVO Auskunft \u00fcber Ihre von uns verarbeiteten personenbezogenen Daten zu verlangen. Insbesondere k\u00f6nnen Sie Auskunft \u00fcber die Verarbeitungszwecke, die Kategorie der personenbezogenen Daten, die Kategorien von Empf\u00e4ngern, gegen\u00fcber denen Ihre Daten offengelegt wurden oder werden, die geplante Speicherdauer, das Bestehen eines Rechts auf Berichtigung, L\u00f6schung, Einschr\u00e4nkung der Verarbeitung oder Widerspruch, das Bestehen eines Beschwerderechts, die Herkunft ihrer Daten, sofern diese nicht bei uns erhoben wurden, sowie \u00fcber das Bestehen einer automatisierten Entscheidungsfindung einschlie\u00dflich Profiling und ggf. aussagekr\u00e4ftigen Informationen zu deren Einzelheiten verlangen;<br \/>\n\u2013 gem\u00e4\u00df Art. 16 DSGVO unverz\u00fcglich die Berichtigung unrichtiger oder Vervollst\u00e4ndigung Ihrer bei uns gespeicherten personenbezogenen Daten zu verlangen;<br \/>\n\u2013 gem\u00e4\u00df Art. 17 DSGVO die L\u00f6schung Ihrer bei uns gespeicherten personenbezogenen Daten zu verlangen, soweit nicht die Verarbeitung zur Aus\u00fcbung des Rechts auf freie Meinungs\u00e4u\u00dferung und Information, zur Erf\u00fcllung einer rechtlichen Verpflichtung, aus Gr\u00fcnden des \u00f6ffentlichen Interesses oder zur Geltendmachung, Aus\u00fcbung oder Verteidigung von Rechtsanspr\u00fcchen erforderlich ist;<br \/>\n\u2013 gem\u00e4\u00df Art. 18 DSGVO die Einschr\u00e4nkung der Verarbeitung Ihrer personenbezogenen Daten zu verlangen, soweit die Richtigkeit der Daten von Ihnen bestritten wird, die Verarbeitung unrechtm\u00e4\u00dfig ist, Sie aber deren L\u00f6schung ablehnen und wir die Daten nicht mehr ben\u00f6tigen, Sie jedoch diese zur Geltendmachung, Aus\u00fcbung oder Verteidigung von Rechtsanspr\u00fcchen ben\u00f6tigen oder Sie gem\u00e4\u00df Art. 21 DSGVO Widerspruch gegen die Verarbeitung eingelegt haben;<br \/>\n\u2013 gem\u00e4\u00df Art. 20 DSGVO Ihre personenbezogenen Daten, die Sie uns bereitgestellt haben, in einem strukturierten, g\u00e4ngigen und maschinenlesebaren Format zu erhalten oder die \u00dcbermittlung an einen anderen Verantwortlichen zu verlangen;<br \/>\n\u2013 gem\u00e4\u00df Art. 7 Abs. 3 DSGVO Ihre einmal erteilte Einwilligung jederzeit gegen\u00fcber uns zu widerrufen. Dies hat zur Folge, dass wir die Datenverarbeitung, die auf dieser Einwilligung beruhte, f\u00fcr die Zukunft nicht mehr fortf\u00fchren d\u00fcrfen und<br \/>\n\u2013 gem\u00e4\u00df Art. 77 DSGVO sich bei einer Aufsichtsbeh\u00f6rde zu beschweren. In der Regel k\u00f6nnen Sie sich hierf\u00fcr an die Aufsichtsbeh\u00f6rde Ihres \u00fcblichen Aufenthaltsortes oder Arbeitsplatzes oder unseres Sitzes wenden.<\/p>\n<h4>6. Widerspruchsrecht<\/h4>\n<p>Sofern Ihre personenbezogenen Daten auf Grundlage von berechtigten Interessen gem\u00e4\u00df Art. 6 Abs. 1 S. 1 Buchst. f DSGVO verarbeitet werden, haben Sie das Recht, gem\u00e4\u00df Art. 21 DSGVO Widerspruch gegen die Verarbeitung Ihrer personenbezogenen Daten einzulegen, soweit daf\u00fcr Gr\u00fcnde vorliegen, die sich aus Ihrer besonderen Situation ergeben oder sich der Widerspruch gegen Direktwerbung richtet. Im letzteren Fall haben Sie ein generelles Widerspruchsrecht, das ohne Angabe einer besonderen Situation von uns umgesetzt wird. Sie haben die M\u00f6glichkeit, den Widerspruch telefonisch, per E-Mail, ggf. per Telefax oder an unsere zu Beginn dieser Datenschutzerkl\u00e4rung aufgef\u00fchrte Postadresse formlos mitzuteilen.<\/p>\n<h4>7. Stand und Aktualisierung dieser Datenschutzerkl\u00e4rung<\/h4>\n<p>Diese Datenschutzerkl\u00e4rung hat den Stand vom 24. Mai 2018. Wir behalten uns vor, die Datenschutzerkl\u00e4rung zu gegebener Zeit zu aktualisieren, um den Datenschutz zu verbessern und\/oder an ge\u00e4nderte Beh\u00f6rdenpraxis oder Rechtsprechung anzupassen.<\/p>\n<p>4. Copyright<\/p>\n<p>DAS COPYRIGHT ALLER AUF DIESER HOMEPAGE DARGESTELLTEN FOTOS LIEGT GRUNDS\u00c4TZLICH BEI WINFRIED H\u00dcBNER BZW. BEI DEN LIZENZGEBENDEN FOTOGRAFEN. OHNE SEINE ODER DEREN AUSDR\u00dcCKLICHE EINWILLIGUNG, D\u00dcRFEN DIESE WEDER PRIVAT, NOCH GEWERBLICH GENUTZT, VERVIELF\u00c4LLTIGT ODER AN DRITTE WEITER GEGEBEN WERDEN.<\/p>\n<p>&nbsp;<\/p>\n<p>&nbsp;<\/p>\n","protected":false},"excerpt":{"rendered":"<p>Name, Autor: Winfried H\u00fcbner Schauspieler Adresse: Strau\u00dfbergstra\u00dfe 8 87629 F\u00fcssen Telefon: (08362) 88 39 974 \/ 88 37 892 Telefax: (08362) 88 37 891 Mobil: 0173\/36 94 114 Email: wacki@winfried-huebner.de Personalausweis-Nr.: LF08HTK30 Webdesign: www.petersen-schmidt.de Fotografie: Ingrid Theiss, Axel Petersen-Schmidt Rechtliche Hinweise: 1. Inhalt des Onlineangebotes Der Autor \u00fcbernimmt keinerlei Gew\u00e4hr f\u00fcr die Aktualit\u00e4t, Korrektheit,Vollst\u00e4ndigkeit oder &hellip; <\/p>\n<p class=\"link-more\"><a href=\"http:\/\/winfried-huebner.de\/wordpress\/impressum\/\" class=\"more-link\"><span class=\"screen-reader-text\">\u201eImpressum\u201c<\/span> weiterlesen<\/a><\/p>\n","protected":false},"author":1,"featured_media":0,"parent":0,"menu_order":0,"comment_status":"closed","ping_status":"closed","template":"","meta":{"ngg_post_thumbnail":0},"_links":{"self":[{"href":"http:\/\/winfried-huebner.de\/wordpress\/wp-json\/wp\/v2\/pages\/51"}],"collection":[{"href":"http:\/\/winfried-huebner.de\/wordpress\/wp-json\/wp\/v2\/pages"}],"about":[{"href":"http:\/\/winfried-huebner.de\/wordpress\/wp-json\/wp\/v2\/types\/page"}],"author":[{"embeddable":true,"href":"http:\/\/winfried-huebner.de\/wordpress\/wp-json\/wp\/v2\/users\/1"}],"replies":[{"embeddable":true,"href":"http:\/\/winfried-huebner.de\/wordpress\/wp-json\/wp\/v2\/comments?post=51"}],"version-history":[{"count":9,"href":"http:\/\/winfried-huebner.de\/wordpress\/wp-json\/wp\/v2\/pages\/51\/revisions"}],"predecessor-version":[{"id":214,"href":"http:\/\/winfried-huebner.de\/wordpress\/wp-json\/wp\/v2\/pages\/51\/revisions\/214"}],"wp:attachment":[{"href":"http:\/\/winfried-huebner.de\/wordpress\/wp-json\/wp\/v2\/media?parent=51"}],"curies":[{"name":"wp","href":"https:\/\/api.w.org\/{rel}","templated":true}]}}